{"id":10,"date":"2026-04-03T05:57:58","date_gmt":"2026-04-03T05:57:58","guid":{"rendered":"https:\/\/bridgecore.cl\/?page_id=10"},"modified":"2026-04-04T19:25:58","modified_gmt":"2026-04-04T19:25:58","slug":"home","status":"publish","type":"page","link":"https:\/\/bridgecore.cl\/","title":{"rendered":"Home"},"content":{"rendered":"\t\t<div data-elementor-type=\"wp-page\" data-elementor-id=\"10\" class=\"elementor elementor-10\">\n\t\t\t\t<div class=\"elementor-element elementor-element-b6ea652 e-con-full e-flex e-con e-parent\" data-id=\"b6ea652\" data-element_type=\"container\" data-e-type=\"container\">\n\t\t\t\t<div class=\"elementor-element elementor-element-702182b elementor-widget__width-inherit elementor-widget elementor-widget-html\" data-id=\"702182b\" data-element_type=\"widget\" data-e-type=\"widget\" data-widget_type=\"html.default\">\n\t\t\t\t\t<style>\r\n  .bc-root, .bc-root * {\r\n    box-sizing: border-box;\r\n  }\r\n\r\n  html {\r\n    scroll-behavior: smooth;\r\n  }\r\n\r\n  body {\r\n    margin: 0;\r\n    overflow-x: hidden;\r\n    background: #111526;\r\n  }\r\n\r\n.bc-root {\r\n  --bg: #5a4fa3;\r\n  --bg2: #7a68d8;\r\n  --card: rgba(22, 26, 45, 0.78);\r\n  --line: rgba(255,255,255,0.08);\r\n  --text: #ffffff;\r\n  --muted: #ffffff;\r\n  --blue: #5b7cff;\r\n  --cyan: #7bdfff;\r\n  --purple: #8b5cf6;\r\n  --pink: #c084fc;\r\n  color: var(--text);\r\n\r\n  \/* ESTO ES LO IMPORTANTE *\/\r\n  width: 100vw;\r\n  max-width: 100vw;\r\n  margin-left: calc(50% - 50vw);\r\n  margin-right: calc(50% - 50vw);\r\n\r\n  padding-top: 100px;\r\n  min-height: 100vh;\r\n  overflow-x: hidden;\r\n  position: relative;\r\n\r\n  background:\r\n    radial-gradient(circle at 15% 20%, rgba(167,139,250,.24), transparent 26%),\r\n    radial-gradient(circle at 85% 18%, rgba(192,132,252,.22), transparent 30%),\r\n    radial-gradient(circle at 50% 85%, rgba(147,197,253,.10), transparent 32%),\r\n    linear-gradient(180deg, #2a1f45 0%, #342655 45%, #24193d 100%);\r\n\r\n  font-family: Inter, ui-sans-serif, system-ui, -apple-system, BlinkMacSystemFont, \"Segoe UI\", sans-serif;\r\n}\r\n\r\n  .bc-root a {\r\n    text-decoration: none;\r\n  }\r\n\r\n  .bc-container {\r\n    width: min(1180px, 92%);\r\n    margin: 0 auto;\r\n    position: relative;\r\n    z-index: 2;\r\n  }\r\n\r\n  \/* NAV *\/\r\n  .bc-nav {\r\n    position: fixed;\r\n    top: 0;\r\n    left: 0;\r\n    width: 100%;\r\n    z-index: 9999;\r\n    backdrop-filter: blur(10px);\r\n    background: rgba(17, 21, 38, 0.96);\r\n    border-bottom: 1px solid rgba(255,255,255,0.05);\r\n    transition: all 0.35s ease;\r\n  }\r\n   \r\n  .bc-nav.scrolled {\r\n  background: rgba(10, 12, 22, 0.95);\r\n  backdrop-filter: blur(18pxpx);\r\n  border-bottom: 1px solid rgba(255,255,255,0.08);\r\n  box-shadow: 0 10px 30px rgba(0,0,0,0.18);\r\n  }\r\n  .bc-nav-inner {\r\n    display: flex;\r\n    align-items: center;\r\n    justify-content: space-between;\r\n    padding: 18px 0;\r\n  }\r\n\r\n  .bc-brand img {\r\n    height: 70px;\r\n    width: auto;\r\n    display: block;\r\n  }\r\n\r\n  .bc-menu {\r\n    display: flex;\r\n    gap: 24px;\r\n    align-items: center;\r\n  }\r\n\r\n  .bc-menu a {\r\n    color: #ffffff;\r\n    font-size: 0.96rem;\r\n    opacity: 0.95;\r\n    transition: 0.25s ease;\r\n  }\r\n\r\n  .bc-menu a:hover {\r\n    opacity: 1;\r\n    color: #c8d4ff;\r\n  }\r\n\r\n  .bc-btn, .bc-btn-outline {\r\n    display: inline-flex;\r\n    align-items: center;\r\n    justify-content: center;\r\n    gap: 10px;\r\n    padding: 14px 24px;\r\n    border-radius: 999px;\r\n    font-weight: 700;\r\n    transition: transform .25s ease, box-shadow .25s ease, background .25s ease;\r\n  }\r\n\r\n  .bc-btn {\r\n    color: white;\r\n    background: linear-gradient(135deg, var(--blue), var(--purple));\r\n    box-shadow: 0 10px 35px rgba(99,102,241,.28);\r\n  }\r\n\r\n  .bc-btn:hover {\r\n    transform: translateY(-2px);\r\n    box-shadow: 0 18px 45px rgba(99,102,241,.36);\r\n  }\r\n\r\n  .bc-btn-outline {\r\n    color: white;\r\n    border: 1px solid rgba(255,255,255,.14);\r\n    background: rgba(255,255,255,.03);\r\n  }\r\n\r\n  .bc-btn-outline:hover {\r\n    transform: translateY(-2px);\r\n    background: rgba(255,255,255,.06);\r\n  }\r\n\r\n  \/* HERO *\/\r\n  .bc-hero {\r\n    min-height: 100vh;\r\n    display: flex;\r\n    align-items: center;\r\n    padding: 80px 0 70px;\r\n    position: relative;\r\n  }\r\n\r\n  .bc-hero-grid {\r\n    display: grid;\r\n    grid-template-columns: 1.15fr .85fr;\r\n    gap: 40px;\r\n    align-items: center;\r\n  }\r\n\r\n  .bc-kicker {\r\n    display: inline-flex;\r\n    align-items: center;\r\n    gap: 10px;\r\n    font-size: .92rem;\r\n    padding: 10px 16px;\r\n    border: 1px solid rgba(255,255,255,.08);\r\n    border-radius: 999px;\r\n    background: rgba(255,255,255,.03);\r\n    color: #ffffff;\r\n    margin-bottom: 24px;\r\n  }\r\n\r\n  .bc-kicker::before {\r\n    content: \"\";\r\n    width: 9px;\r\n    height: 9px;\r\n    border-radius: 999px;\r\n    background: linear-gradient(135deg, var(--cyan), var(--purple));\r\n    box-shadow: 0 0 18px rgba(82,215,255,.7);\r\n  }\r\n\r\n  .bc-title {\r\n    font-size: clamp(2.7rem, 5vw, 5.2rem);\r\n    line-height: .98;\r\n    letter-spacing: -0.05em;\r\n    margin: 0 0 22px;\r\n    max-width: 14ch;\r\n    color: #ffffff;\r\n  }\r\n\r\n  .bc-title .grad {\r\n    background: linear-gradient(90deg, #ffffff, #d7e3ff 25%, #9bc6ff 55%, #c084fc 100%);\r\n    -webkit-background-clip: text;\r\n    -webkit-text-fill-color: transparent;\r\n  }\r\n\r\n  .bc-sub {\r\n    color: #ffffff;\r\n    font-size: 1.12rem;\r\n    line-height: 1.8;\r\n    max-width: 62ch;\r\n    margin-bottom: 30px;\r\n    opacity: 0.95;\r\n  }\r\n\r\n  .bc-actions {\r\n    display: flex;\r\n    flex-wrap: wrap;\r\n    gap: 14px;\r\n    margin-bottom: 30px;\r\n  }\r\n\r\n  .bc-mini {\r\n    display: flex;\r\n    flex-wrap: wrap;\r\n    gap: 12px;\r\n    margin-top: 10px;\r\n  }\r\n\r\n  .bc-chip {\r\n    padding: 10px 14px;\r\n    border-radius: 999px;\r\n    background: rgba(255,255,255,.04);\r\n    border: 1px solid rgba(255,255,255,.08);\r\n    color: #ffffff;\r\n    font-size: .92rem;\r\n  }\r\n\r\n  \/* STAR FIELD *\/\r\n  .bc-stars {\r\n    position: absolute;\r\n    inset: 0;\r\n    overflow: hidden;\r\n    z-index: 1;\r\n    pointer-events: none;\r\n  }\r\n\r\n  .bc-star {\r\n    position: absolute;\r\n    width: 2px;\r\n    height: 2px;\r\n    background: white;\r\n    border-radius: 50%;\r\n    opacity: 0.7;\r\n    box-shadow: 0 0 6px rgba(255,255,255,0.7);\r\n    animation: starFloat linear infinite;\r\n  }\r\n\r\n  @keyframes starFloat {\r\n    0% {\r\n      transform: translateY(0px) translateX(0px);\r\n      opacity: 0.15;\r\n    }\r\n    20% {\r\n      opacity: 0.8;\r\n    }\r\n    100% {\r\n      transform: translateY(-180px) translateX(18px);\r\n      opacity: 0;\r\n    }\r\n  }\r\n\r\n  .bc-hero-visual {\r\n    min-height: 520px;\r\n    position: relative;\r\n  }\r\n\r\n  .bc-glow {\r\n    position: absolute;\r\n    border-radius: 999px;\r\n    filter: blur(40px);\r\n    opacity: 0.85;\r\n    pointer-events: none;\r\n  }\r\n\r\n  .bc-glow.one {\r\n    width: 260px;\r\n    height: 260px;\r\n    background: rgba(192,132,252,0.22);\r\n    top: 10%;\r\n    left: 10%;\r\n    animation: drift1 10s ease-in-out infinite;\r\n  }\r\n\r\n  .bc-glow.two {\r\n    width: 280px;\r\n    height: 280px;\r\n    background: rgba(167,139,250,0.22);\r\n    top: 30%;\r\n    right: 10%;\r\n    animation: drift2 13s ease-in-out infinite;\r\n  }\r\n\r\n  .bc-glow.three {\r\n    width: 220px;\r\n    height: 220px;\r\n    background: rgba(196,181,253,0.12);\r\n    bottom: 10%;\r\n    left: 25%;\r\n    animation: drift3 11s ease-in-out infinite;\r\n  }\r\n\r\n  @keyframes drift1 {\r\n    0%,100% { transform: translate(0,0); }\r\n    50% { transform: translate(20px,-18px); }\r\n  }\r\n  @keyframes drift2 {\r\n    0%,100% { transform: translate(0,0); }\r\n    50% { transform: translate(-22px,16px); }\r\n  }\r\n  @keyframes drift3 {\r\n    0%,100% { transform: translate(0,0); }\r\n    50% { transform: translate(12px,-20px); }\r\n  }\r\n\r\n  .bc-grid-dots {\r\n    position: absolute;\r\n    inset: 0;\r\n    background-image:\r\n      radial-gradient(rgba(255,255,255,.06) 1px, transparent 1px);\r\n    background-size: 28px 28px;\r\n    mask-image: radial-gradient(circle at center, black 28%, transparent 82%);\r\n    opacity: .38;\r\n    pointer-events: none;\r\n  }\r\n\r\n  \/* GENERAL SECTIONS *\/\r\n  .bc-section {\r\n    padding: 110px 0;\r\n    position: relative;\r\n  }\r\n\r\n  .bc-head {\r\n    text-align: center;\r\n    max-width: 800px;\r\n    margin: 0 auto 54px;\r\n  }\r\n\r\n  .bc-head h2 {\r\n    font-size: clamp(2rem, 4vw, 3.2rem);\r\n    letter-spacing: -0.04em;\r\n    margin-bottom: 14px;\r\n    color: #ffffff;\r\n  }\r\n\r\n  .bc-head p {\r\n    color: #ffffff;\r\n    line-height: 1.8;\r\n    font-size: 1.06rem;\r\n    opacity: 0.95;\r\n  }\r\n\r\n  \/* SERVICES *\/\r\n  .bc-services {\r\n    display: grid;\r\n    grid-template-columns: repeat(3, 1fr);\r\n    gap: 24px;\r\n  }\r\n\r\n  .bc-card {\r\n    position: relative;\r\n    padding: 28px;\r\n    border-radius: 28px;\r\n    background: rgba(19, 23, 39, 0.78);\r\n    border: 1px solid rgba(255,255,255,.08);\r\n    backdrop-filter: blur(14px);\r\n    box-shadow: 0 18px 50px rgba(0,0,0,.22);\r\n    transition: transform .3s ease, border-color .3s ease, box-shadow .3s ease;\r\n    overflow: hidden;\r\n  }\r\n\r\n  .bc-card:hover {\r\n    transform: translateY(-8px);\r\n    border-color: rgba(139,92,246,.35);\r\n    box-shadow: 0 24px 70px rgba(79,124,255,.16);\r\n  }\r\n\r\n  .bc-icon {\r\n    width: 52px;\r\n    height: 52px;\r\n    display: grid;\r\n    place-items: center;\r\n    border-radius: 18px;\r\n    margin-bottom: 18px;\r\n    font-size: 1.25rem;\r\n    background: linear-gradient(135deg, rgba(91,124,255,.18), rgba(139,92,246,.22));\r\n    border: 1px solid rgba(255,255,255,.08);\r\n  }\r\n\r\n  .bc-card h3 {\r\n    font-size: 1.35rem;\r\n    margin-bottom: 12px;\r\n    letter-spacing: -0.02em;\r\n    color: #ffffff;\r\n  }\r\n\r\n  .bc-card p {\r\n    color: #ffffff;\r\n    line-height: 1.8;\r\n    opacity: 0.92;\r\n  }\r\n\r\n  \/* WHY *\/\r\n  .bc-why {\r\n    display: grid;\r\n    grid-template-columns: 1.05fr .95fr;\r\n    gap: 32px;\r\n    align-items: center;\r\n  }\r\n\r\n  .bc-panel {\r\n    padding: 34px;\r\n    border-radius: 32px;\r\n    background: rgba(19, 23, 39, 0.78);\r\n    border: 1px solid rgba(255,255,255,.08);\r\n    backdrop-filter: blur(14px);\r\n    box-shadow: 0 20px 60px rgba(0,0,0,.22);\r\n  }\r\n\r\n  .bc-panel h3 {\r\n    font-size: clamp(1.8rem, 3vw, 2.6rem);\r\n    letter-spacing: -0.04em;\r\n    margin-bottom: 18px;\r\n    color: #ffffff;\r\n  }\r\n\r\n  .bc-panel p {\r\n    color: #ffffff;\r\n    line-height: 1.85;\r\n    font-size: 1.04rem;\r\n    opacity: 0.95;\r\n  }\r\n\r\n  .bc-list {\r\n    display: grid;\r\n    gap: 16px;\r\n  }\r\n\r\n  .bc-list-item {\r\n    padding: 20px 22px;\r\n    border-radius: 22px;\r\n    background: rgba(255,255,255,.04);\r\n    border: 1px solid rgba(255,255,255,.07);\r\n    color: #ffffff;\r\n    font-weight: 600;\r\n  }\r\n\r\n  \/* CTA *\/\r\n  .bc-cta {\r\n    text-align: center;\r\n    padding: 62px 28px;\r\n    border-radius: 36px;\r\n    background:\r\n      radial-gradient(circle at 20% 20%, rgba(91,124,255,.18), transparent 28%),\r\n      radial-gradient(circle at 80% 25%, rgba(192,132,252,.16), transparent 26%),\r\n      linear-gradient(135deg, rgba(20,22,36,.92), rgba(14,16,28,.98));\r\n    border: 1px solid rgba(255,255,255,.08);\r\n    box-shadow: 0 24px 70px rgba(0,0,0,.28);\r\n  }\r\n\r\n  .bc-cta h2 {\r\n    font-size: clamp(2rem, 4vw, 3.4rem);\r\n    margin-bottom: 16px;\r\n    letter-spacing: -0.04em;\r\n    color: #ffffff;\r\n  }\r\n\r\n  .bc-cta p {\r\n    max-width: 720px;\r\n    margin: 0 auto 28px;\r\n    color: #ffffff;\r\n    line-height: 1.8;\r\n    font-size: 1.05rem;\r\n    opacity: 0.95;\r\n  }\r\n\r\n  \/* CONTACT *\/\r\n  .bc-contact {\r\n    display: grid;\r\n    grid-template-columns: 1fr 1fr;\r\n    gap: 24px;\r\n  }\r\n\r\n  .bc-footer {\r\n    padding: 28px 0 54px;\r\n    color: #d6ddff;\r\n    font-size: .95rem;\r\n    text-align: center;\r\n  }\r\n\r\n  \/* SCROLL ANIMATION *\/\r\n  .bc-animate {\r\n    opacity: 0;\r\n    transform: translateY(40px);\r\n    transition: all 0.8s ease;\r\n  }\r\n\r\n  .bc-animate.visible {\r\n    opacity: 1;\r\n    transform: translateY(0);\r\n  }\r\n\r\n  \/* RESPONSIVE *\/\r\n  @media (max-width: 1024px) {\r\n    .bc-hero-grid,\r\n    .bc-why,\r\n    .bc-contact,\r\n    .bc-services {\r\n      grid-template-columns: 1fr;\r\n    }\r\n\r\n    .bc-hero-visual {\r\n      min-height: 360px;\r\n      margin-top: 30px;\r\n    }\r\n  }\r\n\r\n  @media (max-width: 720px) {\r\n    .bc-nav-inner {\r\n      flex-direction: column;\r\n      gap: 14px;\r\n    }\r\n\r\n    .bc-menu {\r\n      flex-wrap: wrap;\r\n      justify-content: center;\r\n      gap: 14px;\r\n    }\r\n\r\n    .bc-hero {\r\n      padding-top: 40px;\r\n    }\r\n\r\n    .bc-title {\r\n      font-size: 2.6rem;\r\n    }\r\n\r\n    .bc-sub {\r\n      font-size: 1rem;\r\n    }\r\n\r\n    .bc-actions {\r\n      flex-direction: column;\r\n      align-items: stretch;\r\n    }\r\n\r\n    .bc-btn, .bc-btn-outline {\r\n      width: 100%;\r\n    }\r\n    \r\n  @media (max-width: 768px) {\r\n    .bc-nav-inner {\r\n      flex-direction: column;\r\n      gap: 12px;\r\n      padding: 14px 0;\r\n    }\r\n\r\n    .bc-brand img {\r\n      height: 50px;\r\n      width: auto;\r\n    }\r\n\r\n    .bc-menu {\r\n      justify-content: center;\r\n      gap: 0;\r\n    }\r\n\r\n    .bc-menu a:not(.bc-btn) {\r\n      display: none;\r\n    }\r\n\r\n    .bc-menu .bc-btn {\r\n      width: auto;\r\n      padding: 12px 24px;\r\n      font-size: 0.95rem;\r\n      margin-top: 4px;\r\n    }\r\n\r\n    .bc-root {\r\n      padding-top: 155px;\r\n    }\r\n\r\n    .bc-hero {\r\n      min-height: auto;\r\n      padding-top: 25px;\r\n    }\r\n\r\n    .bc-title {\r\n      font-size: 2.1rem;\r\n      line-height: 1.05;\r\n    }\r\n\r\n    .bc-sub {\r\n      font-size: 1rem;\r\n      line-height: 1.7;\r\n    }\r\n html, body {\r\n  margin: 0 !important;\r\n  padding: 0 !important;\r\n  overflow-x: hidden;\r\n  background: #2a1f45;\r\n}\r\n\r\nbody {\r\n  background: #2a1f45 !important;\r\n}\r\n\r\n.bc-root {\r\n  width: 100vw;\r\n  max-width: 100vw;\r\n  margin: 0;\r\n  padding-left: 0;\r\n  padding-right: 0;\r\n  overflow-x: hidden;\r\n}\r\nhtml, body {\r\n  margin: 0 !important;\r\n  padding: 0 !important;\r\n  overflow-x: hidden;\r\n  background: #2a1f45;\r\n}\r\n\r\nbody {\r\n  background: #2a1f45 !important;\r\n}\r\n\r\n.bc-root {\r\n  width: 100vw;\r\n  max-width: 100vw;\r\n  margin: 0;\r\n  padding-left: 0;\r\n  padding-right: 0;\r\n  overflow-x: hidden;\r\n}\r\n  }\r\n<\/style>\r\n\r\n<div class=\"bc-root\">\r\n\r\n  <div class=\"bc-stars\" id=\"stars\"><\/div>\r\n\r\n  <nav class=\"bc-nav\">\r\n    <div class=\"bc-container bc-nav-inner\">\r\n      <div class=\"bc-brand\">\r\n        <img src=https:\/\/bridgecore.cl\/wp-content\/uploads\/2026\/04\/bridgecore_blanco_transparente.png\r\n    \" alt=\"BridgeCore Logo\">\r\n      <\/div>\r\n      <div class=\"bc-menu\">\r\n        <a href=\"#servicios\">Servicios<\/a>\r\n        <a href=\"#nosotros\">Nosotros<\/a>\r\n        <a href=\"#contacto\">Contacto<\/a>\r\n        <a class=\"bc-btn\" href=\"#contacto\">Agenda una reuni\u00f3n<\/a>\r\n      <\/div>\r\n    <\/div>\r\n  <\/nav>\r\n\r\n  <section class=\"bc-hero\">\r\n    <div class=\"bc-grid-dots\"><\/div>\r\n    <div class=\"bc-container bc-hero-grid\">\r\n\r\n      <div class=\"bc-animate\">\r\n        <div class=\"bc-kicker\">Infraestructura, continuidad y seguridad TI<\/div>\r\n        <h1 class=\"bc-title\">\r\n          Tecnolog\u00eda que <span class=\"grad\">no se cae<\/span> cuando tu negocio m\u00e1s la necesita\r\n        <\/h1>\r\n        <p class=\"bc-sub\">\r\n          Administraci\u00f3n de Sistemas, Observabilidad, Continuidad Operativa,\r\n          Redes, Ciberseguridad y Desarrollo para empresas que necesitan\r\n          estabilidad, control y velocidad de respuesta.\r\n        <\/p>\r\n\r\n        <div class=\"bc-actions\">\r\n          <a class=\"bc-btn\" href=\"#contacto\">Solicitar diagn\u00f3stico<\/a>\r\n          <a class=\"bc-btn-outline\" href=\"#servicios\">Ver servicios<\/a>\r\n        <\/div>\r\n\r\n        <div class=\"bc-mini\">\r\n          <span class=\"bc-chip\">Observabilidad<\/span>\r\n          <span class=\"bc-chip\">Ciberseguridad<\/span>\r\n          <span class=\"bc-chip\">Continuidad Operativa<\/span>\r\n          <span class=\"bc-chip\">Desarrollo<\/span>\r\n        <\/div>\r\n      <\/div>\r\n\r\n      <div class=\"bc-hero-visual\">\r\n        <div class=\"bc-glow one\"><\/div>\r\n        <div class=\"bc-glow two\"><\/div>\r\n        <div class=\"bc-glow three\"><\/div>\r\n      <\/div>\r\n\r\n    <\/div>\r\n  <\/section>\r\n\r\n  <section id=\"servicios\" class=\"bc-section\">\r\n    <div class=\"bc-container\">\r\n      <div class=\"bc-head bc-animate\">\r\n        <h2>Servicios que mantienen tu operaci\u00f3n estable<\/h2>\r\n        <p>\r\n          No vendemos \u201csoporte gen\u00e9rico\u201d. Dise\u00f1amos, operamos y fortalecemos\r\n          infraestructura cr\u00edtica para que tu empresa funcione con menos riesgo y m\u00e1s control.\r\n        <\/p>\r\n      <\/div>\r\n\r\n      <div class=\"bc-services\">\r\n        <div class=\"bc-card bc-animate\">\r\n          <div class=\"bc-icon\">\ud83d\udda5\ufe0f<\/div>\r\n          <h3>Administraci\u00f3n de Sistemas<\/h3>\r\n          <p>Gesti\u00f3n, mantenimiento y optimizaci\u00f3n de servidores, plataformas e infraestructura cr\u00edtica.<\/p>\r\n        <\/div>\r\n\r\n        <div class=\"bc-card bc-animate\">\r\n          <div class=\"bc-icon\">\ud83d\udcc8<\/div>\r\n          <h3>Observabilidad<\/h3>\r\n          <p>M\u00e9tricas, logs y trazas para detectar incidentes antes de que afecten al negocio.<\/p>\r\n        <\/div>\r\n\r\n        <div class=\"bc-card bc-animate\">\r\n          <div class=\"bc-icon\">\ud83d\udee1\ufe0f<\/div>\r\n          <h3>Continuidad Operativa<\/h3>\r\n          <p>Alta disponibilidad, respaldo y recuperaci\u00f3n para reducir interrupciones y tiempos muertos.<\/p>\r\n        <\/div>\r\n\r\n        <div class=\"bc-card bc-animate\">\r\n          <div class=\"bc-icon\">\ud83c\udf10<\/div>\r\n          <h3>Administraci\u00f3n de Redes<\/h3>\r\n          <p>Dise\u00f1o, soporte y optimizaci\u00f3n de redes empresariales seguras, r\u00e1pidas y estables.<\/p>\r\n        <\/div>\r\n\r\n        <div class=\"bc-card bc-animate\">\r\n          <div class=\"bc-icon\">\ud83d\udd10<\/div>\r\n          <h3>Ciberseguridad<\/h3>\r\n          <p>Controles, endurecimiento, monitoreo y prevenci\u00f3n frente a amenazas y vulnerabilidades.<\/p>\r\n        <\/div>\r\n\r\n        <div class=\"bc-card bc-animate\">\r\n          <div class=\"bc-icon\">\u2699\ufe0f<\/div>\r\n          <h3>Desarrollo<\/h3>\r\n          <p>Automatizaci\u00f3n, integraciones y soluciones a medida para acelerar tu operaci\u00f3n.<\/p>\r\n        <\/div>\r\n      <\/div>\r\n    <\/div>\r\n  <\/section>\r\n\r\n  <section id=\"nosotros\" class=\"bc-section\">\r\n    <div class=\"bc-container bc-why\">\r\n      <div class=\"bc-panel bc-animate\">\r\n        <h3>BridgeCore no est\u00e1 hecho para \u201capagar incendios\u201d solamente<\/h3>\r\n        <p>\r\n          Nuestro foco es ayudarte a construir una operaci\u00f3n TI m\u00e1s resiliente,\r\n          observable, segura y preparada para crecer. Menos improvisaci\u00f3n,\r\n          m\u00e1s control real sobre lo que sostiene tu negocio.\r\n        <\/p>\r\n      <\/div>\r\n\r\n      <div class=\"bc-list\">\r\n        <div class=\"bc-list-item bc-animate\">Respuesta r\u00e1pida ante incidentes<\/div>\r\n        <div class=\"bc-list-item bc-animate\">Enfoque preventivo y no solo reactivo<\/div>\r\n        <div class=\"bc-list-item bc-animate\">Mejora continua de infraestructura y procesos<\/div>\r\n        <div class=\"bc-list-item bc-animate\">Soluciones alineadas al negocio<\/div>\r\n      <\/div>\r\n    <\/div>\r\n  <\/section>\r\n\r\n  <section class=\"bc-section\">\r\n    <div class=\"bc-container\">\r\n      <div class=\"bc-cta bc-animate\">\r\n        <h2>Tu infraestructura no deber\u00eda depender de la suerte<\/h2>\r\n        <p>\r\n          Hablemos sobre c\u00f3mo fortalecer la estabilidad, seguridad y continuidad\r\n          operativa de tu empresa con una base tecnol\u00f3gica m\u00e1s robusta.\r\n        <\/p>\r\n        <a class=\"bc-btn\" href=\"#contacto\">Solicitar diagn\u00f3stico<\/a>\r\n      <\/div>\r\n    <\/div>\r\n  <\/section>\r\n\r\n  <section id=\"contacto\" class=\"bc-section\">\r\n    <div class=\"bc-container\">\r\n      <div class=\"bc-head bc-animate\">\r\n        <h2>Conversemos<\/h2>\r\n        <p>\r\n          Si tu operaci\u00f3n TI necesita m\u00e1s control, mejor visibilidad o menos puntos de falla, podemos ayudarte.\r\n        <\/p>\r\n      <\/div>\r\n\r\n      <div class=\"bc-contact\">\r\n        <div class=\"bc-panel bc-animate\">\r\n          <h3>Informaci\u00f3n de contacto<\/h3>\r\n          <p><strong>Correo:<\/strong> contacto@bridgecore.cl<\/p>\r\n          <p><strong>WhatsApp:<\/strong> +56 9 6461 0832<\/p>\r\n          <p><strong>Ubicaci\u00f3n:<\/strong> Santiago, Chile<\/p>\r\n        <\/div>\r\n\r\n        <div class=\"bc-panel bc-animate\">\r\n          <h3>Siguiente paso<\/h3>\r\n          <p>\r\n            Cu\u00e9ntanos brevemente tu escenario actual y te ayudamos a identificar\r\n            riesgos, mejoras y oportunidades en infraestructura, seguridad y operaci\u00f3n.\r\n          <\/p>\r\n          <br>\r\n          <a class=\"bc-btn\" href=\"mailto:contacto@bridgecore.cl\">Escr\u00edbenos<\/a>\r\n        <\/div>\r\n      <\/div>\r\n    <\/div>\r\n  <\/section>\r\n\r\n  <div class=\"bc-container\">\r\n    <div class=\"bc-footer\">\u00a9 2026 BridgeCore. Todos los derechos reservados.<\/div>\r\n  <\/div>\r\n\r\n<\/div>\r\n\r\n<script>\r\n  \/\/ Estrellas flotantes\r\n  const starsContainer = document.getElementById(\"stars\");\r\n\r\n  if (starsContainer) {\r\n    for (let i = 0; i < 120; i++) {\r\n      const star = document.createElement(\"div\");\r\n      star.className = \"bc-star\";\r\n      star.style.left = Math.random() * 100 + \"%\";\r\n      star.style.top = Math.random() * 100 + \"%\";\r\n      star.style.animationDuration = (6 + Math.random() * 10) + \"s\";\r\n      star.style.animationDelay = (Math.random() * 8) + \"s\";\r\n      star.style.opacity = Math.random();\r\n      star.style.width = star.style.height = (1 + Math.random() * 2.2) + \"px\";\r\n      starsContainer.appendChild(star);\r\n    }\r\n  }\r\n\r\n  \/\/ Animaciones al hacer scroll\r\n  const observer = new IntersectionObserver(entries => {\r\n    entries.forEach(entry => {\r\n      if (entry.isIntersecting) {\r\n        entry.target.classList.add(\"visible\");\r\n      }\r\n    });\r\n  }, { threshold: 0.15 });\r\n\r\n  document.querySelectorAll(\".bc-animate\").forEach(el => {\r\n    observer.observe(el);\r\n  });\r\n\r\n  \/\/ Navbar cambia al bajar\r\n  const nav = document.querySelector(\".bc-nav\");\r\n\r\n  function updateNavbar() {\r\n    if (!nav) return;\r\n\r\n    if (window.scrollY > 20) {\r\n      nav.classList.remove(\"scrolled\");\r\n    } else {\r\n      nav.classList.add(\"scrolled\");\r\n    }\r\n  }\r\n  nav.classList.remove(\"scrolled\");\r\n  window.addEventListener(\"scroll\", updateNavbar);\r\n  window.addEventListener(\"load\", updateNavbar);\r\n<\/script>\t\t\t\t<\/div>\n\t\t\t\t<\/div>\n\t\t\t\t<\/div>\n\t\t","protected":false},"excerpt":{"rendered":"","protected":false},"author":1,"featured_media":0,"parent":0,"menu_order":0,"comment_status":"closed","ping_status":"closed","template":"","meta":{"site-sidebar-layout":"no-sidebar","site-content-layout":"","ast-site-content-layout":"full-width-container","site-content-style":"default","site-sidebar-style":"default","ast-global-header-display":"disabled","ast-banner-title-visibility":"disabled","ast-main-header-display":"","ast-hfb-above-header-display":"","ast-hfb-below-header-display":"","ast-hfb-mobile-header-display":"","site-post-title":"","ast-breadcrumbs-content":"","ast-featured-img":"disabled","footer-sml-layout":"disabled","ast-disable-related-posts":"","theme-transparent-header-meta":"","adv-header-id-meta":"","stick-header-meta":"","header-above-stick-meta":"","header-main-stick-meta":"","header-below-stick-meta":"","astra-migrate-meta-layouts":"default","ast-page-background-enabled":"default","ast-page-background-meta":{"desktop":{"background-color":"var(--ast-global-color-5)","background-image":"","background-repeat":"repeat","background-position":"center center","background-size":"auto","background-attachment":"scroll","background-type":"","background-media":"","overlay-type":"","overlay-color":"","overlay-opacity":"","overlay-gradient":""},"tablet":{"background-color":"","background-image":"","background-repeat":"repeat","background-position":"center center","background-size":"auto","background-attachment":"scroll","background-type":"","background-media":"","overlay-type":"","overlay-color":"","overlay-opacity":"","overlay-gradient":""},"mobile":{"background-color":"","background-image":"","background-repeat":"repeat","background-position":"center center","background-size":"auto","background-attachment":"scroll","background-type":"","background-media":"","overlay-type":"","overlay-color":"","overlay-opacity":"","overlay-gradient":""}},"ast-content-background-meta":{"desktop":{"background-color":"var(--ast-global-color-4)","background-image":"","background-repeat":"repeat","background-position":"center center","background-size":"auto","background-attachment":"scroll","background-type":"","background-media":"","overlay-type":"","overlay-color":"","overlay-opacity":"","overlay-gradient":""},"tablet":{"background-color":"var(--ast-global-color-4)","background-image":"","background-repeat":"repeat","background-position":"center center","background-size":"auto","background-attachment":"scroll","background-type":"","background-media":"","overlay-type":"","overlay-color":"","overlay-opacity":"","overlay-gradient":""},"mobile":{"background-color":"var(--ast-global-color-4)","background-image":"","background-repeat":"repeat","background-position":"center center","background-size":"auto","background-attachment":"scroll","background-type":"","background-media":"","overlay-type":"","overlay-color":"","overlay-opacity":"","overlay-gradient":""}},"footnotes":""},"class_list":["post-10","page","type-page","status-publish","hentry"],"_links":{"self":[{"href":"https:\/\/bridgecore.cl\/index.php\/wp-json\/wp\/v2\/pages\/10","targetHints":{"allow":["GET"]}}],"collection":[{"href":"https:\/\/bridgecore.cl\/index.php\/wp-json\/wp\/v2\/pages"}],"about":[{"href":"https:\/\/bridgecore.cl\/index.php\/wp-json\/wp\/v2\/types\/page"}],"author":[{"embeddable":true,"href":"https:\/\/bridgecore.cl\/index.php\/wp-json\/wp\/v2\/users\/1"}],"replies":[{"embeddable":true,"href":"https:\/\/bridgecore.cl\/index.php\/wp-json\/wp\/v2\/comments?post=10"}],"version-history":[{"count":46,"href":"https:\/\/bridgecore.cl\/index.php\/wp-json\/wp\/v2\/pages\/10\/revisions"}],"predecessor-version":[{"id":70,"href":"https:\/\/bridgecore.cl\/index.php\/wp-json\/wp\/v2\/pages\/10\/revisions\/70"}],"wp:attachment":[{"href":"https:\/\/bridgecore.cl\/index.php\/wp-json\/wp\/v2\/media?parent=10"}],"curies":[{"name":"wp","href":"https:\/\/api.w.org\/{rel}","templated":true}]}}